{"id":1614,"date":"2023-11-14T14:26:59","date_gmt":"2023-11-14T13:26:59","guid":{"rendered":"https:\/\/www.campinglesclos.com\/rates\/"},"modified":"2025-06-23T11:20:00","modified_gmt":"2025-06-23T09:20:00","slug":"camping-promotions-nyons","status":"publish","type":"page","link":"https:\/\/www.campinglesclos.com\/en\/camping-promotions-nyons\/","title":{"rendered":"Rates"},"content":{"rendered":"<section id=\"ls-section-block_e181f47fdd442f9973379db7e68ebe67\" class=\"ls-section  page-intro transat has-p-b p-b-14\" >\r\n        <div class=\"container container--wide\">\r\n        \n\n<h1 class=\"ls__heading wp-block-heading has-text-align-center\">Best <em>value<\/em> campsite in Nyons<\/h1>\n\n\n\n<div class=\"wp-block-columns is-layout-flex wp-container-core-columns-is-layout-9d6595d7 wp-block-columns-is-layout-flex\">\n<div class=\"wp-block-column first is-layout-flow wp-block-column-is-layout-flow\" style=\"flex-basis:60%\">\n<figure class=\"wp-block-image size-full is-resized\"><img decoding=\"async\" width=\"1328\" height=\"886\" src=\"https:\/\/www.campinglesclos.com\/wp-content\/uploads\/2023\/11\/camping-les-clos-a-nyons-dans-la-drome.webp\" alt=\"pont roman nyons camping pas cher\" class=\"wp-image-204\" style=\"width:943px;height:auto\" srcset=\"https:\/\/www.campinglesclos.com\/wp-content\/uploads\/2023\/11\/camping-les-clos-a-nyons-dans-la-drome.webp 1328w, https:\/\/www.campinglesclos.com\/wp-content\/uploads\/2023\/11\/camping-les-clos-a-nyons-dans-la-drome-300x200.webp 300w, https:\/\/www.campinglesclos.com\/wp-content\/uploads\/2023\/11\/camping-les-clos-a-nyons-dans-la-drome-1024x683.webp 1024w, https:\/\/www.campinglesclos.com\/wp-content\/uploads\/2023\/11\/camping-les-clos-a-nyons-dans-la-drome-768x512.webp 768w\" sizes=\"(max-width: 1328px) 100vw, 1328px\" \/><\/figure>\n<\/div>\n\n\n\n<div class=\"wp-block-column is-vertically-aligned-center second animated fadeInRight delay-100ms slow has-color-white-background-color has-background is-layout-flow wp-block-column-is-layout-flow\" style=\"flex-basis:40%\">\n<h2 class=\"ls__heading wp-block-heading\">Camping at the <em>best price<\/em> in Dr\u00f4me<\/h2>\n\n\n\n<p class=\"ls-paragraph\">Opt for a memorable getaway by choosing our best-value campsite in the heart of the sublime Dr\u00f4me Proven\u00e7ale region.  <\/p>\n\n\n\n<p class=\"ls-paragraph\">Whether it&#8217;s a <a href=\"https:\/\/www.campinglesclos.com\/en\/location-nyons\/\">caravan site<\/a> for your tent, a comfortable mobile home or a <a href=\"https:\/\/www.campinglesclos.com\/en\/location-hebergement-nyons\/\">rental chalet<\/a>, you&#8217;ll find your ideal accommodation at the campsite.<\/p>\n\n\n\n<p class=\"ls-paragraph\">We are committed to offering<strong> affordable rates all year<\/strong> round. The assurance that your vacation in the heart of nature will be economical, so you can take advantage of all the activities on offer in the Dr\u00f4me. Immerse yourself in the tranquility of our region, explore its breathtaking panoramas and create priceless memories with your loved ones, all on a budget.<\/p>\n<\/div>\n<\/div>\n\n\r\n    <\/div>\r\n<\/section><section id=\"ls-section-block_798ebf5ca4d21cc8240897b66818675f\" class=\"ls-section  page-two deco-arbre has-background has-color-2-background-color has-p-t p-t-14 has-p-b p-b-14\" >\r\n        <div class=\"container container--wide\">\r\n        \n\n<div class=\"wp-block-columns is-layout-flex wp-container-core-columns-is-layout-9d6595d7 wp-block-columns-is-layout-flex\">\n<div class=\"wp-block-column is-vertically-aligned-center is-layout-flow wp-block-column-is-layout-flow\" style=\"flex-basis:33.33%\">\n<h2 class=\"ls__heading wp-block-heading\"><em>Special offers <\/em>at the Nyons campsite<\/h2>\n\n\n\n<p class=\"ls-paragraph\">To guarantee you the best prices, our campsite offers discounts for <strong>ACSI card <\/strong>holders and a <strong>long-stay offer for campsites and rentals in low season<\/strong>, with<strong> reductions from 7 nights<\/strong>. You can also take advantage of an <strong>early-booking offer<\/strong> for bookings made before the end of January. <\/p>\n\n\n\n<p class=\"ls-paragraph\">Whether you&#8217;re a senior couple looking for a bit of peace and quiet or a solo camper looking for adventure in Nyons, take advantage of our <strong>camping promotions in the Dr\u00f4me<\/strong>.  <\/p>\n\n\n\n<p class=\"ls-paragraph\">Our special offers guarantee you the best value for money in Nyons.<\/p>\n<\/div>\n\n\n\n<div class=\"wp-block-column is-layout-flow wp-block-column-is-layout-flow\" style=\"flex-basis:66.66%\">\n<figure class=\"wp-block-image size-full animated fadeIn delay-100ms slow\"><img decoding=\"async\" width=\"2000\" height=\"1325\" src=\"https:\/\/www.campinglesclos.com\/wp-content\/uploads\/2023\/12\/senior-camping.webp\" alt=\"senior camping\" class=\"wp-image-982\" srcset=\"https:\/\/www.campinglesclos.com\/wp-content\/uploads\/2023\/12\/senior-camping.webp 2000w, https:\/\/www.campinglesclos.com\/wp-content\/uploads\/2023\/12\/senior-camping-300x199.webp 300w, https:\/\/www.campinglesclos.com\/wp-content\/uploads\/2023\/12\/senior-camping-1024x678.webp 1024w, https:\/\/www.campinglesclos.com\/wp-content\/uploads\/2023\/12\/senior-camping-768x509.webp 768w, https:\/\/www.campinglesclos.com\/wp-content\/uploads\/2023\/12\/senior-camping-1536x1018.webp 1536w\" sizes=\"(max-width: 2000px) 100vw, 2000px\" \/><\/figure>\n<\/div>\n<\/div>\n\n\r\n    <\/div>\r\n<\/section><section id=\"ls-section-block_578263aba46e0c649c5b2be9126b5649\" class=\"ls-section  home-parallax has-background-image\" >\r\n    <div class=\"ls-section__background-image opacity-100\"><img decoding=\"async\" src=\"https:\/\/www.campinglesclos.com\/wp-content\/uploads\/2023\/12\/reservation-camping.webp\" alt=\"\"><\/div>    <div class=\"container \">\r\n        \r\n    <\/div>\r\n<\/section><section id=\"ls-section-block_b0f2344f5c6d1313983dbd51eed1d767\" class=\"ls-section  home-parallax-bis has-p-t p-t-0 has-p-b p-b-0\" >\r\n        <div class=\"container container--wide\">\r\n        \n\n<div class=\"wp-block-columns is-layout-flex wp-container-core-columns-is-layout-9d6595d7 wp-block-columns-is-layout-flex\">\n<div class=\"wp-block-column first is-layout-flow wp-block-column-is-layout-flow\" style=\"flex-basis:33.33%\"><\/div>\n\n\n\n<div class=\"wp-block-column second m-left has-color-white-background-color has-background is-layout-flow wp-block-column-is-layout-flow\" style=\"flex-basis:66.66%\">\n<h2 class=\"ls__heading wp-block-heading has-text-align-center\">Book directly at the <em>campsite<\/em><\/h2>\n\n\n\n<p class=\"ls-paragraph\">By booking directly on our site, you benefit from the best available rates. No middlemen, no hidden costs, just the 15\u20ac booking fee and the pleasure of staying at one of the most beautiful campsites in Nyons, Dr\u00f4me Proven\u00e7ale.<\/p>\n\n\n\n<p class=\"ls-paragraph\">Take advantage of our<strong> exclusive offers<\/strong>, competitive rates and book your next adventure with us, <a href=\"https:\/\/www.campinglesclos.com\/en\/\">camping in Nyons<\/a>.<\/p>\n<\/div>\n<\/div>\n\n\r\n    <\/div>\r\n<\/section><section id=\"ls-section-block_b57e9a8e32e00d2db51bfccecdea69fa\" class=\"ls-section  page-maillage has-background has-color-2-background-color has-p-t p-t-14 has-p-b p-b-14\" >\r\n        <div class=\"container container--wide\">\r\n        \n\n<div id=\"ls-heading ls-titre-div-block_99650d5785c39cf6c64cd6d78109821e\" class=\"ls-titre-div aligncenter h2-like\" >\n    <em>Find out more<\/em> about our rentals, pitches<\/br>and services!<\/div>\n\n\n<div id=\"ls-maillage-block_794b3ec574243a1a1b0a7a259817ade1\" class=\"ls-maillage cta-style-normal\" data-rows=\"3\">\n    <div class=\"wp-block-columns \"><div class=\"wp-block-column\"><div id=\"destinations\" class=\"ls-cta\">\n\n<a href=\"https:\/\/www.campinglesclos.com\/en\/camping-familial-nyons\/\" target=\"\" rel=\"noopener\" class=\"ls-cta__link\">\n\n\t<div class=\"ls-cta__image\"><img decoding=\"async\" src=\"https:\/\/www.campinglesclos.com\/wp-content\/uploads\/2023\/12\/repas-camping-les-clos.webp\" alt=\"\"><\/div>\n\t<div class=\"ls-cta__title\">\n\t\tSnack and services<i class=\"clos-fleche-bouton\"><\/i>\n\t<\/div>\n\n\t\n<\/a><\/div><\/div><div class=\"wp-block-column\"><div id=\"destinations\" class=\"ls-cta\">\n\n<a href=\"https:\/\/www.campinglesclos.com\/en\/location-hebergement-nyons\/\" target=\"\" rel=\"noopener\" class=\"ls-cta__link\">\n\n\t<div class=\"ls-cta__image\"><img decoding=\"async\" src=\"https:\/\/www.campinglesclos.com\/wp-content\/uploads\/2023\/12\/CHALET-150-3-m.jpg\" alt=\"\"><\/div>\n\t<div class=\"ls-cta__title\">\n\t\tRentals<i class=\"clos-fleche-bouton\"><\/i>\n\t<\/div>\n\n\t\n<\/a><\/div><\/div><div class=\"wp-block-column\"><div id=\"destinations\" class=\"ls-cta\">\n\n<a href=\"https:\/\/www.campinglesclos.com\/en\/location-nyons\/\" target=\"\" rel=\"noopener\" class=\"ls-cta__link\">\n\n\t<div class=\"ls-cta__image\"><img decoding=\"async\" src=\"https:\/\/www.campinglesclos.com\/wp-content\/uploads\/2023\/12\/vacances-drome-pas-cher-camping-copie-1.webp\" alt=\"\"><\/div>\n\t<div class=\"ls-cta__title\">\n\t\tLocations<i class=\"clos-fleche-bouton\"><\/i>\n\t<\/div>\n\n\t\n<\/a><\/div><\/div><\/div><\/div>\n\r\n    <\/div>\r\n<\/section>","protected":false},"excerpt":{"rendered":"","protected":false},"author":1,"featured_media":998,"parent":0,"menu_order":0,"comment_status":"closed","ping_status":"closed","template":"","meta":{"_acf_changed":false,"inline_featured_image":false,"footnotes":""},"sujet":[],"class_list":["post-1614","page","type-page","status-publish","has-post-thumbnail","hentry"],"acf":[],"yoast_head":"<!-- This site is optimized with the Yoast SEO plugin v23.4 - https:\/\/yoast.com\/wordpress\/plugins\/seo\/ -->\n<title>Camping offers Nyons | Camping best price Dr\u00f4me<\/title>\n<meta name=\"description\" content=\"Enjoy the best value for money in the heart of the Dr\u00f4me Proven\u00e7ale. Choose your accommodation to benefit from exclusive promotions.\" \/>\n<meta name=\"robots\" content=\"index, follow, max-snippet:-1, max-image-preview:large, max-video-preview:-1\" \/>\n<link rel=\"canonical\" href=\"https:\/\/www.campinglesclos.com\/en\/camping-promotions-nyons\/\" \/>\n<meta property=\"og:locale\" content=\"en_US\" \/>\n<meta property=\"og:type\" content=\"article\" \/>\n<meta property=\"og:title\" content=\"Camping offers Nyons | Camping best price Dr\u00f4me\" \/>\n<meta property=\"og:description\" content=\"Enjoy the best value for money in the heart of the Dr\u00f4me Proven\u00e7ale. Choose your accommodation to benefit from exclusive promotions.\" \/>\n<meta property=\"og:url\" content=\"https:\/\/www.campinglesclos.com\/en\/camping-promotions-nyons\/\" \/>\n<meta property=\"og:site_name\" content=\"Camping Les Clos\" \/>\n<meta property=\"article:modified_time\" content=\"2025-06-23T09:20:00+00:00\" \/>\n<meta property=\"og:image\" content=\"https:\/\/www.campinglesclos.com\/wp-content\/uploads\/2023\/12\/Borie-e1702304839246.webp\" \/>\n\t<meta property=\"og:image:width\" content=\"2000\" \/>\n\t<meta property=\"og:image:height\" content=\"1333\" \/>\n\t<meta property=\"og:image:type\" content=\"image\/webp\" \/>\n<meta name=\"twitter:card\" content=\"summary_large_image\" \/>\n<meta name=\"twitter:label1\" content=\"Est. reading time\" \/>\n\t<meta name=\"twitter:data1\" content=\"2 minutes\" \/>\n<script type=\"application\/ld+json\" class=\"yoast-schema-graph\">{\"@context\":\"https:\/\/schema.org\",\"@graph\":[{\"@type\":\"WebPage\",\"@id\":\"https:\/\/www.campinglesclos.com\/en\/camping-promotions-nyons\/\",\"url\":\"https:\/\/www.campinglesclos.com\/en\/camping-promotions-nyons\/\",\"name\":\"Camping offers Nyons | Camping best price Dr\u00f4me\",\"isPartOf\":{\"@id\":\"https:\/\/www.campinglesclos.com\/#website\"},\"primaryImageOfPage\":{\"@id\":\"https:\/\/www.campinglesclos.com\/en\/camping-promotions-nyons\/#primaryimage\"},\"image\":{\"@id\":\"https:\/\/www.campinglesclos.com\/en\/camping-promotions-nyons\/#primaryimage\"},\"thumbnailUrl\":\"https:\/\/www.campinglesclos.com\/wp-content\/uploads\/2023\/12\/Borie-e1702304839246.webp\",\"datePublished\":\"2023-11-14T13:26:59+00:00\",\"dateModified\":\"2025-06-23T09:20:00+00:00\",\"description\":\"Enjoy the best value for money in the heart of the Dr\u00f4me Proven\u00e7ale. Choose your accommodation to benefit from exclusive promotions.\",\"breadcrumb\":{\"@id\":\"https:\/\/www.campinglesclos.com\/en\/camping-promotions-nyons\/#breadcrumb\"},\"inLanguage\":\"en-US\",\"potentialAction\":[{\"@type\":\"ReadAction\",\"target\":[\"https:\/\/www.campinglesclos.com\/en\/camping-promotions-nyons\/\"]}]},{\"@type\":\"ImageObject\",\"inLanguage\":\"en-US\",\"@id\":\"https:\/\/www.campinglesclos.com\/en\/camping-promotions-nyons\/#primaryimage\",\"url\":\"https:\/\/www.campinglesclos.com\/wp-content\/uploads\/2023\/12\/Borie-e1702304839246.webp\",\"contentUrl\":\"https:\/\/www.campinglesclos.com\/wp-content\/uploads\/2023\/12\/Borie-e1702304839246.webp\",\"width\":2000,\"height\":1333,\"caption\":\"Borie lavande\"},{\"@type\":\"BreadcrumbList\",\"@id\":\"https:\/\/www.campinglesclos.com\/en\/camping-promotions-nyons\/#breadcrumb\",\"itemListElement\":[{\"@type\":\"ListItem\",\"position\":1,\"name\":\"Home\",\"item\":\"https:\/\/www.campinglesclos.com\/en\/\"},{\"@type\":\"ListItem\",\"position\":2,\"name\":\"Best price camping in Dr\u00f4me\"}]},{\"@type\":\"WebSite\",\"@id\":\"https:\/\/www.campinglesclos.com\/#website\",\"url\":\"https:\/\/www.campinglesclos.com\/\",\"name\":\"Camping Les Clos\",\"description\":\"\",\"publisher\":{\"@id\":\"https:\/\/www.campinglesclos.com\/#organization\"},\"potentialAction\":[{\"@type\":\"SearchAction\",\"target\":{\"@type\":\"EntryPoint\",\"urlTemplate\":\"https:\/\/www.campinglesclos.com\/?s={search_term_string}\"},\"query-input\":{\"@type\":\"PropertyValueSpecification\",\"valueRequired\":true,\"valueName\":\"search_term_string\"}}],\"inLanguage\":\"en-US\"},{\"@type\":\"Organization\",\"@id\":\"https:\/\/www.campinglesclos.com\/#organization\",\"name\":\"Camping Les Clos\",\"url\":\"https:\/\/www.campinglesclos.com\/\",\"logo\":{\"@type\":\"ImageObject\",\"inLanguage\":\"en-US\",\"@id\":\"https:\/\/www.campinglesclos.com\/#\/schema\/logo\/image\/\",\"url\":\"https:\/\/www.campinglesclos.com\/wp-content\/uploads\/2023\/11\/les-clos-logo-du-camping.webp\",\"contentUrl\":\"https:\/\/www.campinglesclos.com\/wp-content\/uploads\/2023\/11\/les-clos-logo-du-camping.webp\",\"width\":578,\"height\":421,\"caption\":\"Camping Les Clos\"},\"image\":{\"@id\":\"https:\/\/www.campinglesclos.com\/#\/schema\/logo\/image\/\"}}]}<\/script>\n<!-- \/ Yoast SEO plugin. -->","yoast_head_json":{"title":"Camping offers Nyons | Camping best price Dr\u00f4me","description":"Enjoy the best value for money in the heart of the Dr\u00f4me Proven\u00e7ale. Choose your accommodation to benefit from exclusive promotions.","robots":{"index":"index","follow":"follow","max-snippet":"max-snippet:-1","max-image-preview":"max-image-preview:large","max-video-preview":"max-video-preview:-1"},"canonical":"https:\/\/www.campinglesclos.com\/en\/camping-promotions-nyons\/","og_locale":"en_US","og_type":"article","og_title":"Camping offers Nyons | Camping best price Dr\u00f4me","og_description":"Enjoy the best value for money in the heart of the Dr\u00f4me Proven\u00e7ale. Choose your accommodation to benefit from exclusive promotions.","og_url":"https:\/\/www.campinglesclos.com\/en\/camping-promotions-nyons\/","og_site_name":"Camping Les Clos","article_modified_time":"2025-06-23T09:20:00+00:00","og_image":[{"width":2000,"height":1333,"url":"https:\/\/www.campinglesclos.com\/wp-content\/uploads\/2023\/12\/Borie-e1702304839246.webp","type":"image\/webp"}],"twitter_card":"summary_large_image","twitter_misc":{"Est. reading time":"2 minutes"},"schema":{"@context":"https:\/\/schema.org","@graph":[{"@type":"WebPage","@id":"https:\/\/www.campinglesclos.com\/en\/camping-promotions-nyons\/","url":"https:\/\/www.campinglesclos.com\/en\/camping-promotions-nyons\/","name":"Camping offers Nyons | Camping best price Dr\u00f4me","isPartOf":{"@id":"https:\/\/www.campinglesclos.com\/#website"},"primaryImageOfPage":{"@id":"https:\/\/www.campinglesclos.com\/en\/camping-promotions-nyons\/#primaryimage"},"image":{"@id":"https:\/\/www.campinglesclos.com\/en\/camping-promotions-nyons\/#primaryimage"},"thumbnailUrl":"https:\/\/www.campinglesclos.com\/wp-content\/uploads\/2023\/12\/Borie-e1702304839246.webp","datePublished":"2023-11-14T13:26:59+00:00","dateModified":"2025-06-23T09:20:00+00:00","description":"Enjoy the best value for money in the heart of the Dr\u00f4me Proven\u00e7ale. Choose your accommodation to benefit from exclusive promotions.","breadcrumb":{"@id":"https:\/\/www.campinglesclos.com\/en\/camping-promotions-nyons\/#breadcrumb"},"inLanguage":"en-US","potentialAction":[{"@type":"ReadAction","target":["https:\/\/www.campinglesclos.com\/en\/camping-promotions-nyons\/"]}]},{"@type":"ImageObject","inLanguage":"en-US","@id":"https:\/\/www.campinglesclos.com\/en\/camping-promotions-nyons\/#primaryimage","url":"https:\/\/www.campinglesclos.com\/wp-content\/uploads\/2023\/12\/Borie-e1702304839246.webp","contentUrl":"https:\/\/www.campinglesclos.com\/wp-content\/uploads\/2023\/12\/Borie-e1702304839246.webp","width":2000,"height":1333,"caption":"Borie lavande"},{"@type":"BreadcrumbList","@id":"https:\/\/www.campinglesclos.com\/en\/camping-promotions-nyons\/#breadcrumb","itemListElement":[{"@type":"ListItem","position":1,"name":"Home","item":"https:\/\/www.campinglesclos.com\/en\/"},{"@type":"ListItem","position":2,"name":"Best price camping in Dr\u00f4me"}]},{"@type":"WebSite","@id":"https:\/\/www.campinglesclos.com\/#website","url":"https:\/\/www.campinglesclos.com\/","name":"Camping Les Clos","description":"","publisher":{"@id":"https:\/\/www.campinglesclos.com\/#organization"},"potentialAction":[{"@type":"SearchAction","target":{"@type":"EntryPoint","urlTemplate":"https:\/\/www.campinglesclos.com\/?s={search_term_string}"},"query-input":{"@type":"PropertyValueSpecification","valueRequired":true,"valueName":"search_term_string"}}],"inLanguage":"en-US"},{"@type":"Organization","@id":"https:\/\/www.campinglesclos.com\/#organization","name":"Camping Les Clos","url":"https:\/\/www.campinglesclos.com\/","logo":{"@type":"ImageObject","inLanguage":"en-US","@id":"https:\/\/www.campinglesclos.com\/#\/schema\/logo\/image\/","url":"https:\/\/www.campinglesclos.com\/wp-content\/uploads\/2023\/11\/les-clos-logo-du-camping.webp","contentUrl":"https:\/\/www.campinglesclos.com\/wp-content\/uploads\/2023\/11\/les-clos-logo-du-camping.webp","width":578,"height":421,"caption":"Camping Les Clos"},"image":{"@id":"https:\/\/www.campinglesclos.com\/#\/schema\/logo\/image\/"}}]}},"_links":{"self":[{"href":"https:\/\/www.campinglesclos.com\/en\/wp-json\/wp\/v2\/pages\/1614","targetHints":{"allow":["GET"]}}],"collection":[{"href":"https:\/\/www.campinglesclos.com\/en\/wp-json\/wp\/v2\/pages"}],"about":[{"href":"https:\/\/www.campinglesclos.com\/en\/wp-json\/wp\/v2\/types\/page"}],"author":[{"embeddable":true,"href":"https:\/\/www.campinglesclos.com\/en\/wp-json\/wp\/v2\/users\/1"}],"replies":[{"embeddable":true,"href":"https:\/\/www.campinglesclos.com\/en\/wp-json\/wp\/v2\/comments?post=1614"}],"version-history":[{"count":7,"href":"https:\/\/www.campinglesclos.com\/en\/wp-json\/wp\/v2\/pages\/1614\/revisions"}],"predecessor-version":[{"id":2405,"href":"https:\/\/www.campinglesclos.com\/en\/wp-json\/wp\/v2\/pages\/1614\/revisions\/2405"}],"wp:featuredmedia":[{"embeddable":true,"href":"https:\/\/www.campinglesclos.com\/en\/wp-json\/wp\/v2\/media\/998"}],"wp:attachment":[{"href":"https:\/\/www.campinglesclos.com\/en\/wp-json\/wp\/v2\/media?parent=1614"}],"wp:term":[{"taxonomy":"sujet","embeddable":true,"href":"https:\/\/www.campinglesclos.com\/en\/wp-json\/wp\/v2\/sujet?post=1614"}],"curies":[{"name":"wp","href":"https:\/\/api.w.org\/{rel}","templated":true}]}}