{"id":1618,"date":"2023-11-14T14:26:59","date_gmt":"2023-11-14T13:26:59","guid":{"rendered":"https:\/\/www.campinglesclos.com\/tarieven\/"},"modified":"2025-06-23T11:20:01","modified_gmt":"2025-06-23T09:20:01","slug":"camping-promotions-nyons","status":"publish","type":"page","link":"https:\/\/www.campinglesclos.com\/nl\/camping-promotions-nyons\/","title":{"rendered":"Tarieven"},"content":{"rendered":"<section id=\"ls-section-block_30d5aca98f1aae931a9265d6d2f19b66\" class=\"ls-section  page-intro transat has-p-b p-b-14\" >\r\n        <div class=\"container container--wide\">\r\n        \n\n<h1 class=\"ls__heading wp-block-heading has-text-align-center\">De beste <em>prijs\/kwaliteitsverhouding<\/em> camping in Nyons<\/h1>\n\n\n\n<div class=\"wp-block-columns is-layout-flex wp-container-core-columns-is-layout-9d6595d7 wp-block-columns-is-layout-flex\">\n<div class=\"wp-block-column first is-layout-flow wp-block-column-is-layout-flow\" style=\"flex-basis:60%\">\n<figure class=\"wp-block-image size-full is-resized\"><img decoding=\"async\" width=\"1328\" height=\"886\" src=\"https:\/\/www.campinglesclos.com\/wp-content\/uploads\/2023\/11\/camping-les-clos-a-nyons-dans-la-drome.webp\" alt=\"pont roman nyons camping pas cher\" class=\"wp-image-204\" style=\"width:943px;height:auto\" srcset=\"https:\/\/www.campinglesclos.com\/wp-content\/uploads\/2023\/11\/camping-les-clos-a-nyons-dans-la-drome.webp 1328w, https:\/\/www.campinglesclos.com\/wp-content\/uploads\/2023\/11\/camping-les-clos-a-nyons-dans-la-drome-300x200.webp 300w, https:\/\/www.campinglesclos.com\/wp-content\/uploads\/2023\/11\/camping-les-clos-a-nyons-dans-la-drome-1024x683.webp 1024w, https:\/\/www.campinglesclos.com\/wp-content\/uploads\/2023\/11\/camping-les-clos-a-nyons-dans-la-drome-768x512.webp 768w\" sizes=\"(max-width: 1328px) 100vw, 1328px\" \/><\/figure>\n<\/div>\n\n\n\n<div class=\"wp-block-column is-vertically-aligned-center second animated fadeInRight delay-100ms slow has-color-white-background-color has-background is-layout-flow wp-block-column-is-layout-flow\" style=\"flex-basis:40%\">\n<h2 class=\"ls__heading wp-block-heading\">Camping aan de <em>beste prijs<\/em> in Dr\u00f4me<\/h2>\n\n\n\n<p class=\"ls-paragraph\">Kies voor een onvergetelijke vakantie op onze voordelige camping in het hart van de sublieme Dr\u00f4me Proven\u00e7ale.  <\/p>\n\n\n\n<p class=\"ls-paragraph\">Of het nu gaat om een <a href=\"https:\/\/www.campinglesclos.com\/nl\/locatie-nnyons\/\">staanplaats voor<\/a> je tent, een comfortabele stacaravan of een <a href=\"https:\/\/www.campinglesclos.com\/nl\/locatie-hebergement-nyons\/\">gehuurd chalet<\/a>, je vindt je ideale accommodatie op de camping.<\/p>\n\n\n\n<p class=\"ls-paragraph\">We streven ernaar om<strong> het hele jaar door betaalbare tarieven<\/strong> aan te bieden. De zekerheid dat je vakantie in het hart van de natuur zuinig blijft, zodat je kunt profiteren van alle activiteiten die de Dr\u00f4me te bieden heeft. Dompel jezelf onder in de rust van onze regio, verken de adembenemende panorama&#8217;s en cre\u00eber onbetaalbare herinneringen met je geliefden, en dat alles voor een budget.<\/p>\n<\/div>\n<\/div>\n\n\r\n    <\/div>\r\n<\/section><section id=\"ls-section-block_d5c19b47e916c651f98db5acf9e739d1\" class=\"ls-section  page-two deco-arbre has-background has-color-2-background-color has-p-t p-t-14 has-p-b p-b-14\" >\r\n        <div class=\"container container--wide\">\r\n        \n\n<div class=\"wp-block-columns is-layout-flex wp-container-core-columns-is-layout-9d6595d7 wp-block-columns-is-layout-flex\">\n<div class=\"wp-block-column is-vertically-aligned-center is-layout-flow wp-block-column-is-layout-flow\" style=\"flex-basis:33.33%\">\n<h2 class=\"ls__heading wp-block-heading\"><em>Speciale aanbiedingen <\/em>op camping Nyons<\/h2>\n\n\n\n<p class=\"ls-paragraph\">Om u de beste prijzen te garanderen, biedt onze camping kortingen voor houders van <strong>een ACSI-kaart <\/strong>en een <strong>langverblijf-aanbieding voor campings en huuraccommodaties in het laagseizoen<\/strong>, met<strong> kortingen bij een verblijf van 7 nachten of meer<\/strong>. Je kunt ook profiteren van een <strong>vroegboekaanbieding<\/strong> als je boekt voor eind januari.<\/p>\n\n\n\n<p class=\"ls-paragraph\">Of je nu een ouder echtpaar bent op zoek naar rust of een solocampeerder op zoek naar avontuur in Nyons, profiteer van onze <strong>speciale aanbiedingen op campings in de Dr\u00f4me<\/strong>.  <\/p>\n\n\n\n<p class=\"ls-paragraph\">Onze speciale aanbiedingen garanderen je een verblijf met de beste prijs-kwaliteitverhouding in Nyons.<\/p>\n<\/div>\n\n\n\n<div class=\"wp-block-column is-layout-flow wp-block-column-is-layout-flow\" style=\"flex-basis:66.66%\">\n<figure class=\"wp-block-image size-full animated fadeIn delay-100ms slow\"><img decoding=\"async\" width=\"2000\" height=\"1325\" src=\"https:\/\/www.campinglesclos.com\/wp-content\/uploads\/2023\/12\/senior-camping.webp\" alt=\"seniorencamping\" class=\"wp-image-982\" srcset=\"https:\/\/www.campinglesclos.com\/wp-content\/uploads\/2023\/12\/senior-camping.webp 2000w, https:\/\/www.campinglesclos.com\/wp-content\/uploads\/2023\/12\/senior-camping-300x199.webp 300w, https:\/\/www.campinglesclos.com\/wp-content\/uploads\/2023\/12\/senior-camping-1024x678.webp 1024w, https:\/\/www.campinglesclos.com\/wp-content\/uploads\/2023\/12\/senior-camping-768x509.webp 768w, https:\/\/www.campinglesclos.com\/wp-content\/uploads\/2023\/12\/senior-camping-1536x1018.webp 1536w\" sizes=\"(max-width: 2000px) 100vw, 2000px\" \/><\/figure>\n<\/div>\n<\/div>\n\n\r\n    <\/div>\r\n<\/section><section id=\"ls-section-block_295ddbb97b50ed9a32e548c412a217df\" class=\"ls-section  home-parallax has-background-image\" >\r\n    <div class=\"ls-section__background-image opacity-100\"><img decoding=\"async\" src=\"https:\/\/www.campinglesclos.com\/wp-content\/uploads\/2023\/12\/reservation-camping.webp\" alt=\"\"><\/div>    <div class=\"container \">\r\n        \r\n    <\/div>\r\n<\/section><section id=\"ls-section-block_c7ac425678de7f1e205565220e22c0bb\" class=\"ls-section  home-parallax-bis has-p-t p-t-0 has-p-b p-b-0\" >\r\n        <div class=\"container container--wide\">\r\n        \n\n<div class=\"wp-block-columns is-layout-flex wp-container-core-columns-is-layout-9d6595d7 wp-block-columns-is-layout-flex\">\n<div class=\"wp-block-column first is-layout-flow wp-block-column-is-layout-flow\" style=\"flex-basis:33.33%\"><\/div>\n\n\n\n<div class=\"wp-block-column second m-left has-color-white-background-color has-background is-layout-flow wp-block-column-is-layout-flow\" style=\"flex-basis:66.66%\">\n<h2 class=\"ls__heading wp-block-heading has-text-align-center\">Boek direct op de <em>camping<\/em><\/h2>\n\n\n\n<p class=\"ls-paragraph\">Door rechtstreeks op onze site te boeken, profiteer je van de best beschikbare tarieven. Geen tussenpersonen, geen verborgen kosten, alleen \u20ac15 reserveringskosten en het plezier van een verblijf op een van de mooiste campings in Nyons in de Dr\u00f4me Proven\u00e7ale.<\/p>\n\n\n\n<p class=\"ls-paragraph\">Profiteer van onze<strong> exclusieve aanbiedingen<\/strong>, onze scherpe tarieven en boek je volgende avontuur bij ons, op de <a href=\"https:\/\/www.campinglesclos.com\/nl\/\">camping in Nyons<\/a>.<\/p>\n<\/div>\n<\/div>\n\n\r\n    <\/div>\r\n<\/section><section id=\"ls-section-block_cecacd70d6d247702f94adb2f7da997b\" class=\"ls-section  page-maillage has-background has-color-2-background-color has-p-t p-t-14 has-p-b p-b-14\" >\r\n        <div class=\"container container--wide\">\r\n        \n\n<div id=\"ls-heading ls-titre-div-block_4513664021f54e611a31b76467d7bc9b\" class=\"ls-titre-div aligncenter h2-like\" >\n    <em>Ontdek meer<\/em> over onze verhuur, kampeerplaatsen<\/br>en diensten!<\/div>\n\n\n<div id=\"ls-maillage-block_a43a9cc68dd59d517c4f06da5d52ed51\" class=\"ls-maillage cta-style-normal\" data-rows=\"3\">\n    <div class=\"wp-block-columns \"><div class=\"wp-block-column\"><div id=\"destinations\" class=\"ls-cta\">\n\n<a href=\"https:\/\/www.campinglesclos.com\/nl\/camping-familie-nyons\/\" target=\"\" rel=\"noopener\" class=\"ls-cta__link\">\n\n\t<div class=\"ls-cta__image\"><img decoding=\"async\" src=\"https:\/\/www.campinglesclos.com\/wp-content\/uploads\/2023\/12\/repas-camping-les-clos.webp\" alt=\"\"><\/div>\n\t<div class=\"ls-cta__title\">\n\t\tSnack en diensten<i class=\"clos-fleche-bouton\"><\/i>\n\t<\/div>\n\n\t\n<\/a><\/div><\/div><div class=\"wp-block-column\"><div id=\"destinations\" class=\"ls-cta\">\n\n<a href=\"https:\/\/www.campinglesclos.com\/nl\/locatie-nnyons\/\" target=\"\" rel=\"noopener\" class=\"ls-cta__link\">\n\n\t<div class=\"ls-cta__image\"><img decoding=\"async\" src=\"https:\/\/www.campinglesclos.com\/wp-content\/uploads\/2023\/12\/vacances-drome-pas-cher-camping-copie-1.webp\" alt=\"\"><\/div>\n\t<div class=\"ls-cta__title\">\n\t\tLocaties<i class=\"clos-fleche-bouton\"><\/i>\n\t<\/div>\n\n\t\n<\/a><\/div><\/div><div class=\"wp-block-column\"><div id=\"destinations\" class=\"ls-cta\">\n\n<a href=\"https:\/\/www.campinglesclos.com\/nl\/locatie-hebergement-nyons\/\" target=\"\" rel=\"noopener\" class=\"ls-cta__link\">\n\n\t<div class=\"ls-cta__image\"><img decoding=\"async\" src=\"https:\/\/www.campinglesclos.com\/wp-content\/uploads\/2023\/12\/CHALET-150-3-m.jpg\" alt=\"\"><\/div>\n\t<div class=\"ls-cta__title\">\n\t\tVerhuur<i class=\"clos-fleche-bouton\"><\/i>\n\t<\/div>\n\n\t\n<\/a><\/div><\/div><\/div><\/div>\n\r\n    <\/div>\r\n<\/section>","protected":false},"excerpt":{"rendered":"","protected":false},"author":1,"featured_media":997,"parent":0,"menu_order":0,"comment_status":"closed","ping_status":"closed","template":"","meta":{"_acf_changed":false,"inline_featured_image":false,"footnotes":""},"sujet":[],"class_list":["post-1618","page","type-page","status-publish","has-post-thumbnail","hentry"],"acf":[],"yoast_head":"<!-- This site is optimized with the Yoast SEO plugin v23.4 - https:\/\/yoast.com\/wordpress\/plugins\/seo\/ -->\n<title>Promotie camping Nyons | Camping beste prijs Dr\u00f4me<\/title>\n<meta name=\"description\" content=\"Geniet van de beste prijs-kwaliteitverhouding in het hart van de Dr\u00f4me Proven\u00e7ale. Kies je accommodatie en profiteer van exclusieve promoties.\" \/>\n<meta name=\"robots\" content=\"index, follow, max-snippet:-1, max-image-preview:large, max-video-preview:-1\" \/>\n<link rel=\"canonical\" href=\"https:\/\/www.campinglesclos.com\/nl\/camping-promotions-nyons\/\" \/>\n<meta property=\"og:locale\" content=\"nl_NL\" \/>\n<meta property=\"og:type\" content=\"article\" \/>\n<meta property=\"og:title\" content=\"Promotie camping Nyons | Camping beste prijs Dr\u00f4me\" \/>\n<meta property=\"og:description\" content=\"Geniet van de beste prijs-kwaliteitverhouding in het hart van de Dr\u00f4me Proven\u00e7ale. Kies je accommodatie en profiteer van exclusieve promoties.\" \/>\n<meta property=\"og:url\" content=\"https:\/\/www.campinglesclos.com\/nl\/camping-promotions-nyons\/\" \/>\n<meta property=\"og:site_name\" content=\"Camping Les Clos\" \/>\n<meta property=\"article:modified_time\" content=\"2025-06-23T09:20:01+00:00\" \/>\n<meta property=\"og:image\" content=\"https:\/\/www.campinglesclos.com\/wp-content\/uploads\/2023\/12\/Borie-e1702304839246.webp\" \/>\n\t<meta property=\"og:image:width\" content=\"2000\" \/>\n\t<meta property=\"og:image:height\" content=\"1333\" \/>\n\t<meta property=\"og:image:type\" content=\"image\/webp\" \/>\n<meta name=\"twitter:card\" content=\"summary_large_image\" \/>\n<meta name=\"twitter:label1\" content=\"Geschatte leestijd\" \/>\n\t<meta name=\"twitter:data1\" content=\"1 minuut\" \/>\n<script type=\"application\/ld+json\" class=\"yoast-schema-graph\">{\"@context\":\"https:\/\/schema.org\",\"@graph\":[{\"@type\":\"WebPage\",\"@id\":\"https:\/\/www.campinglesclos.com\/nl\/camping-promotions-nyons\/\",\"url\":\"https:\/\/www.campinglesclos.com\/nl\/camping-promotions-nyons\/\",\"name\":\"Promotie camping Nyons | Camping beste prijs Dr\u00f4me\",\"isPartOf\":{\"@id\":\"https:\/\/www.campinglesclos.com\/#website\"},\"primaryImageOfPage\":{\"@id\":\"https:\/\/www.campinglesclos.com\/nl\/camping-promotions-nyons\/#primaryimage\"},\"image\":{\"@id\":\"https:\/\/www.campinglesclos.com\/nl\/camping-promotions-nyons\/#primaryimage\"},\"thumbnailUrl\":\"https:\/\/www.campinglesclos.com\/wp-content\/uploads\/2023\/12\/Borie-e1702304839246.webp\",\"datePublished\":\"2023-11-14T13:26:59+00:00\",\"dateModified\":\"2025-06-23T09:20:01+00:00\",\"description\":\"Geniet van de beste prijs-kwaliteitverhouding in het hart van de Dr\u00f4me Proven\u00e7ale. Kies je accommodatie en profiteer van exclusieve promoties.\",\"breadcrumb\":{\"@id\":\"https:\/\/www.campinglesclos.com\/nl\/camping-promotions-nyons\/#breadcrumb\"},\"inLanguage\":\"nl-NL\",\"potentialAction\":[{\"@type\":\"ReadAction\",\"target\":[\"https:\/\/www.campinglesclos.com\/nl\/camping-promotions-nyons\/\"]}]},{\"@type\":\"ImageObject\",\"inLanguage\":\"nl-NL\",\"@id\":\"https:\/\/www.campinglesclos.com\/nl\/camping-promotions-nyons\/#primaryimage\",\"url\":\"https:\/\/www.campinglesclos.com\/wp-content\/uploads\/2023\/12\/Borie-e1702304839246.webp\",\"contentUrl\":\"https:\/\/www.campinglesclos.com\/wp-content\/uploads\/2023\/12\/Borie-e1702304839246.webp\",\"width\":2000,\"height\":1333,\"caption\":\"Borie lavande\"},{\"@type\":\"BreadcrumbList\",\"@id\":\"https:\/\/www.campinglesclos.com\/nl\/camping-promotions-nyons\/#breadcrumb\",\"itemListElement\":[{\"@type\":\"ListItem\",\"position\":1,\"name\":\"Home\",\"item\":\"https:\/\/www.campinglesclos.com\/nl\/\"},{\"@type\":\"ListItem\",\"position\":2,\"name\":\"Beste prijs camping in Dr\u00f4me\"}]},{\"@type\":\"WebSite\",\"@id\":\"https:\/\/www.campinglesclos.com\/#website\",\"url\":\"https:\/\/www.campinglesclos.com\/\",\"name\":\"Camping Les Clos\",\"description\":\"\",\"publisher\":{\"@id\":\"https:\/\/www.campinglesclos.com\/#organization\"},\"potentialAction\":[{\"@type\":\"SearchAction\",\"target\":{\"@type\":\"EntryPoint\",\"urlTemplate\":\"https:\/\/www.campinglesclos.com\/?s={search_term_string}\"},\"query-input\":{\"@type\":\"PropertyValueSpecification\",\"valueRequired\":true,\"valueName\":\"search_term_string\"}}],\"inLanguage\":\"nl-NL\"},{\"@type\":\"Organization\",\"@id\":\"https:\/\/www.campinglesclos.com\/#organization\",\"name\":\"Camping Les Clos\",\"url\":\"https:\/\/www.campinglesclos.com\/\",\"logo\":{\"@type\":\"ImageObject\",\"inLanguage\":\"nl-NL\",\"@id\":\"https:\/\/www.campinglesclos.com\/#\/schema\/logo\/image\/\",\"url\":\"https:\/\/www.campinglesclos.com\/wp-content\/uploads\/2023\/11\/les-clos-logo-du-camping.webp\",\"contentUrl\":\"https:\/\/www.campinglesclos.com\/wp-content\/uploads\/2023\/11\/les-clos-logo-du-camping.webp\",\"width\":578,\"height\":421,\"caption\":\"Camping Les Clos\"},\"image\":{\"@id\":\"https:\/\/www.campinglesclos.com\/#\/schema\/logo\/image\/\"}}]}<\/script>\n<!-- \/ Yoast SEO plugin. -->","yoast_head_json":{"title":"Promotie camping Nyons | Camping beste prijs Dr\u00f4me","description":"Geniet van de beste prijs-kwaliteitverhouding in het hart van de Dr\u00f4me Proven\u00e7ale. Kies je accommodatie en profiteer van exclusieve promoties.","robots":{"index":"index","follow":"follow","max-snippet":"max-snippet:-1","max-image-preview":"max-image-preview:large","max-video-preview":"max-video-preview:-1"},"canonical":"https:\/\/www.campinglesclos.com\/nl\/camping-promotions-nyons\/","og_locale":"nl_NL","og_type":"article","og_title":"Promotie camping Nyons | Camping beste prijs Dr\u00f4me","og_description":"Geniet van de beste prijs-kwaliteitverhouding in het hart van de Dr\u00f4me Proven\u00e7ale. Kies je accommodatie en profiteer van exclusieve promoties.","og_url":"https:\/\/www.campinglesclos.com\/nl\/camping-promotions-nyons\/","og_site_name":"Camping Les Clos","article_modified_time":"2025-06-23T09:20:01+00:00","og_image":[{"width":2000,"height":1333,"url":"https:\/\/www.campinglesclos.com\/wp-content\/uploads\/2023\/12\/Borie-e1702304839246.webp","type":"image\/webp"}],"twitter_card":"summary_large_image","twitter_misc":{"Geschatte leestijd":"1 minuut"},"schema":{"@context":"https:\/\/schema.org","@graph":[{"@type":"WebPage","@id":"https:\/\/www.campinglesclos.com\/nl\/camping-promotions-nyons\/","url":"https:\/\/www.campinglesclos.com\/nl\/camping-promotions-nyons\/","name":"Promotie camping Nyons | Camping beste prijs Dr\u00f4me","isPartOf":{"@id":"https:\/\/www.campinglesclos.com\/#website"},"primaryImageOfPage":{"@id":"https:\/\/www.campinglesclos.com\/nl\/camping-promotions-nyons\/#primaryimage"},"image":{"@id":"https:\/\/www.campinglesclos.com\/nl\/camping-promotions-nyons\/#primaryimage"},"thumbnailUrl":"https:\/\/www.campinglesclos.com\/wp-content\/uploads\/2023\/12\/Borie-e1702304839246.webp","datePublished":"2023-11-14T13:26:59+00:00","dateModified":"2025-06-23T09:20:01+00:00","description":"Geniet van de beste prijs-kwaliteitverhouding in het hart van de Dr\u00f4me Proven\u00e7ale. Kies je accommodatie en profiteer van exclusieve promoties.","breadcrumb":{"@id":"https:\/\/www.campinglesclos.com\/nl\/camping-promotions-nyons\/#breadcrumb"},"inLanguage":"nl-NL","potentialAction":[{"@type":"ReadAction","target":["https:\/\/www.campinglesclos.com\/nl\/camping-promotions-nyons\/"]}]},{"@type":"ImageObject","inLanguage":"nl-NL","@id":"https:\/\/www.campinglesclos.com\/nl\/camping-promotions-nyons\/#primaryimage","url":"https:\/\/www.campinglesclos.com\/wp-content\/uploads\/2023\/12\/Borie-e1702304839246.webp","contentUrl":"https:\/\/www.campinglesclos.com\/wp-content\/uploads\/2023\/12\/Borie-e1702304839246.webp","width":2000,"height":1333,"caption":"Borie lavande"},{"@type":"BreadcrumbList","@id":"https:\/\/www.campinglesclos.com\/nl\/camping-promotions-nyons\/#breadcrumb","itemListElement":[{"@type":"ListItem","position":1,"name":"Home","item":"https:\/\/www.campinglesclos.com\/nl\/"},{"@type":"ListItem","position":2,"name":"Beste prijs camping in Dr\u00f4me"}]},{"@type":"WebSite","@id":"https:\/\/www.campinglesclos.com\/#website","url":"https:\/\/www.campinglesclos.com\/","name":"Camping Les Clos","description":"","publisher":{"@id":"https:\/\/www.campinglesclos.com\/#organization"},"potentialAction":[{"@type":"SearchAction","target":{"@type":"EntryPoint","urlTemplate":"https:\/\/www.campinglesclos.com\/?s={search_term_string}"},"query-input":{"@type":"PropertyValueSpecification","valueRequired":true,"valueName":"search_term_string"}}],"inLanguage":"nl-NL"},{"@type":"Organization","@id":"https:\/\/www.campinglesclos.com\/#organization","name":"Camping Les Clos","url":"https:\/\/www.campinglesclos.com\/","logo":{"@type":"ImageObject","inLanguage":"nl-NL","@id":"https:\/\/www.campinglesclos.com\/#\/schema\/logo\/image\/","url":"https:\/\/www.campinglesclos.com\/wp-content\/uploads\/2023\/11\/les-clos-logo-du-camping.webp","contentUrl":"https:\/\/www.campinglesclos.com\/wp-content\/uploads\/2023\/11\/les-clos-logo-du-camping.webp","width":578,"height":421,"caption":"Camping Les Clos"},"image":{"@id":"https:\/\/www.campinglesclos.com\/#\/schema\/logo\/image\/"}}]}},"_links":{"self":[{"href":"https:\/\/www.campinglesclos.com\/nl\/wp-json\/wp\/v2\/pages\/1618","targetHints":{"allow":["GET"]}}],"collection":[{"href":"https:\/\/www.campinglesclos.com\/nl\/wp-json\/wp\/v2\/pages"}],"about":[{"href":"https:\/\/www.campinglesclos.com\/nl\/wp-json\/wp\/v2\/types\/page"}],"author":[{"embeddable":true,"href":"https:\/\/www.campinglesclos.com\/nl\/wp-json\/wp\/v2\/users\/1"}],"replies":[{"embeddable":true,"href":"https:\/\/www.campinglesclos.com\/nl\/wp-json\/wp\/v2\/comments?post=1618"}],"version-history":[{"count":5,"href":"https:\/\/www.campinglesclos.com\/nl\/wp-json\/wp\/v2\/pages\/1618\/revisions"}],"predecessor-version":[{"id":2406,"href":"https:\/\/www.campinglesclos.com\/nl\/wp-json\/wp\/v2\/pages\/1618\/revisions\/2406"}],"wp:featuredmedia":[{"embeddable":true,"href":"https:\/\/www.campinglesclos.com\/nl\/wp-json\/wp\/v2\/media\/997"}],"wp:attachment":[{"href":"https:\/\/www.campinglesclos.com\/nl\/wp-json\/wp\/v2\/media?parent=1618"}],"wp:term":[{"taxonomy":"sujet","embeddable":true,"href":"https:\/\/www.campinglesclos.com\/nl\/wp-json\/wp\/v2\/sujet?post=1618"}],"curies":[{"name":"wp","href":"https:\/\/api.w.org\/{rel}","templated":true}]}}