{"id":1645,"date":"2023-12-12T09:35:14","date_gmt":"2023-12-12T08:35:14","guid":{"rendered":"https:\/\/www.campinglesclos.com\/montelimar\/"},"modified":"2023-12-20T11:12:49","modified_gmt":"2023-12-20T10:12:49","slug":"montelimar","status":"publish","type":"page","link":"https:\/\/www.campinglesclos.com\/nl\/montelimar\/","title":{"rendered":"Mont\u00e9limar"},"content":{"rendered":"<section id=\"ls-section-block_ba53205a56c874b1ce7a7e0a9106f2e4\" class=\"ls-section  page-intro transat has-p-b p-b-14\" >\r\n        <div class=\"container container--wide\">\r\n        \n\n<h1 class=\"ls__heading wp-block-heading has-text-align-center\">Ontdek <em>Mont\u00e9limar<\/em><\/h1>\n\n\n\n<p class=\"ls-paragraph has-text-align-center\">Mont\u00e9limar, vaak de<strong>&#8220;Poort naar de Provence<\/strong>&#8221; genoemd, is een populaire bestemming voor kampeerliefhebbers.  <\/p>\n\n\n\n<p class=\"ls-paragraph has-text-align-center\">Met zijn <strong>mediterrane klimaat<\/strong> en rijke erfgoed biedt de stad de perfecte omgeving voor een vakantie in de buitenlucht.<\/p>\n\n\n\n<div class=\"wp-block-columns is-layout-flex wp-container-core-columns-is-layout-9d6595d7 wp-block-columns-is-layout-flex\">\n<div class=\"wp-block-column first is-layout-flow wp-block-column-is-layout-flow\" style=\"flex-basis:60%\">\n<figure class=\"wp-block-image size-full\"><img decoding=\"async\" width=\"2000\" height=\"1333\" src=\"https:\/\/www.campinglesclos.com\/wp-content\/uploads\/2023\/12\/montelimar-chateau.webp\" alt=\"kasteel van montelimar\" class=\"wp-image-1172\" srcset=\"https:\/\/www.campinglesclos.com\/wp-content\/uploads\/2023\/12\/montelimar-chateau.webp 2000w, https:\/\/www.campinglesclos.com\/wp-content\/uploads\/2023\/12\/montelimar-chateau-300x200.webp 300w, https:\/\/www.campinglesclos.com\/wp-content\/uploads\/2023\/12\/montelimar-chateau-1024x682.webp 1024w, https:\/\/www.campinglesclos.com\/wp-content\/uploads\/2023\/12\/montelimar-chateau-768x512.webp 768w, https:\/\/www.campinglesclos.com\/wp-content\/uploads\/2023\/12\/montelimar-chateau-1536x1024.webp 1536w\" sizes=\"(max-width: 2000px) 100vw, 2000px\" \/><\/figure>\n<\/div>\n\n\n\n<div class=\"wp-block-column is-vertically-aligned-center second animated fadeInRight delay-100ms slow has-color-white-background-color has-background is-layout-flow wp-block-column-is-layout-flow\" style=\"flex-basis:40%\">\n<div id=\"ls-heading ls-titre-div-block_4a8d1cf4e19ef2ebdd3150970242ac12\" class=\"ls-titre-div h2-like\" >\n    <em>Dingen om te doen in Mont\u00e9limar<\/em><\/div>\n\n\n\n<p class=\"ls-paragraph\">Ontdek tijdens uw verblijf op <a href=\"https:\/\/www.campinglesclos.com\/nl\/\">camping Les Clos<\/a> Mont\u00e9limar, een stad die veel te bieden heeft. Het <a href=\"https:\/\/www.chateaux-ladrome.fr\/fr\/chateau-de-montelimar\" target=\"_blank\" rel=\"noreferrer noopener\">Ch\u00e2teau des Adh\u00e9mar<\/a>, daterend uit de middeleeuwen, domineert de stad en biedt een panoramisch uitzicht over de omgeving.<\/p>\n\n\n\n<p class=\"ls-paragraph\"><strong>Geschiedenisliefhebbers <\/strong>zullen ook dol zijn op het <a href=\"https:\/\/www.museeminiatureetcinema.fr\/\" target=\"_blank\" rel=\"noreferrer noopener\">Miniatuurmuseum<\/a> en het <a href=\"http:\/\/www.meacmtl.com\/\" target=\"_blank\" rel=\"noreferrer noopener\">Europees Gevechtsvliegtuigmuseum<\/a>. De geplaveide straten van het stadscentrum zitten vol met <strong>charmante boetiekjes<\/strong> en <strong>historische gebouwen<\/strong> die getuigen van het rijke verleden van de stad.<\/p>\n\n\n\n<p class=\"ls-paragraph\">Naast deze attracties is het <a href=\"https:\/\/palais-bonbons.com\/\" target=\"_blank\" rel=\"noreferrer noopener\">Paleis van Zoetwaren en Nougat<\/a> een andere plek om te bezoeken. Dit unieke museum is gewijd aan de<strong>geschiedenis van snoep en noga<\/strong>, twee zoetwaren die kenmerkend zijn voor de regio. Bezoekers kunnen de evolutie van deze snoepjes door de tijd heen ontdekken en zelfs demonstraties bijwonen van hoe ze worden gemaakt.<\/p>\n<\/div>\n<\/div>\n\n\r\n    <\/div>\r\n<\/section><section id=\"ls-section-block_f388ea830c9f592b06515bc6e3af6cb4\" class=\"ls-section  page-two deco-arbre has-background has-color-2-background-color has-p-t p-t-14 has-p-b p-b-14\" >\r\n        <div class=\"container container--wide\">\r\n        \n\n<div class=\"wp-block-columns is-layout-flex wp-container-core-columns-is-layout-9d6595d7 wp-block-columns-is-layout-flex\">\n<div class=\"wp-block-column is-vertically-aligned-center is-layout-flow wp-block-column-is-layout-flow\" style=\"flex-basis:33.33%\">\n<h2 class=\"ls__heading wp-block-heading\"><em>Dingen<\/em> om te doen in Mont\u00e9limar<\/h2>\n\n\n\n<p class=\"ls-paragraph\">Wil je meer weten over het<strong> maken van nougat?<\/strong> <\/p>\n\n\n\n<p class=\"ls-paragraph\">Ontdek het <a href=\"http:\/\/www.nougatsoubeyran.com\/fr\/\" target=\"_blank\" rel=\"noreferrer noopener\">Nougat Museum<\/a> voor een <strong>meeslepende ervaring <\/strong>die je de kunst en wetenschap achter de creatie van dit geliefde snoepgoed laat begrijpen.<\/p>\n\n\n\n<p class=\"ls-paragraph\">Voor gezinnen biedt <a href=\"https:\/\/www.montelimar-tourisme.com\/\" target=\"_blank\" rel=\"noreferrer noopener\">Mont\u00e9limar<\/a> een breed scala aan activiteiten. Het <a href=\"https:\/\/www.parc-de-courzieu.fr\/zoo-montelimar\/\" target=\"_blank\" rel=\"noreferrer noopener\">Parc animalier de Mont\u00e9limar<\/a> is een ideale plek voor een dagje uit met het gezin, met een <strong>verscheidenheid aan dieren en speeltuinen voor kinderen<\/strong>.<\/p>\n<\/div>\n\n\n\n<div class=\"wp-block-column is-layout-flow wp-block-column-is-layout-flow\" style=\"flex-basis:66.66%\">\n<figure class=\"wp-block-image size-full animated fadeIn delay-100ms slow\"><img decoding=\"async\" width=\"2000\" height=\"1333\" src=\"https:\/\/www.campinglesclos.com\/wp-content\/uploads\/2023\/12\/palais-des-bonbons.webp\" alt=\"snoepjes paleis\" class=\"wp-image-1175\" srcset=\"https:\/\/www.campinglesclos.com\/wp-content\/uploads\/2023\/12\/palais-des-bonbons.webp 2000w, https:\/\/www.campinglesclos.com\/wp-content\/uploads\/2023\/12\/palais-des-bonbons-300x200.webp 300w, https:\/\/www.campinglesclos.com\/wp-content\/uploads\/2023\/12\/palais-des-bonbons-1024x682.webp 1024w, https:\/\/www.campinglesclos.com\/wp-content\/uploads\/2023\/12\/palais-des-bonbons-768x512.webp 768w, https:\/\/www.campinglesclos.com\/wp-content\/uploads\/2023\/12\/palais-des-bonbons-1536x1024.webp 1536w\" sizes=\"(max-width: 2000px) 100vw, 2000px\" \/><\/figure>\n<\/div>\n<\/div>\n\n\r\n    <\/div>\r\n<\/section><section id=\"ls-section-block_701626387f9ad189046accb37bf9122f\" class=\"ls-section  home-parallax has-background-image\" >\r\n    <div class=\"ls-section__background-image opacity-100\"><img decoding=\"async\" src=\"https:\/\/www.campinglesclos.com\/wp-content\/uploads\/2023\/12\/nougat.webp\" alt=\"\"><\/div>    <div class=\"container \">\r\n        \n\n<p class=\"ls-paragraph\"><\/p>\n\n\r\n    <\/div>\r\n<\/section><section id=\"ls-section-block_7640b9a66abd33de919c52be5a2aceb1\" class=\"ls-section  home-parallax-bis has-p-t p-t-0 has-p-b p-b-0\" >\r\n        <div class=\"container container--wide\">\r\n        \n\n<div class=\"wp-block-columns is-layout-flex wp-container-core-columns-is-layout-9d6595d7 wp-block-columns-is-layout-flex\">\n<div class=\"wp-block-column first is-layout-flow wp-block-column-is-layout-flow\" style=\"flex-basis:33.33%\"><\/div>\n\n\n\n<div class=\"wp-block-column second m-left has-color-white-background-color has-background is-layout-flow wp-block-column-is-layout-flow\" style=\"flex-basis:66.66%\">\n<h2 class=\"ls__heading wp-block-heading has-text-align-center\"><em>Specialiteiten <\/em>om te proberen<\/h2>\n\n\n\n<p class=\"ls-paragraph\">Mont\u00e9limar is vooral beroemd om zijn <strong>nougat<\/strong>, een zoet gebak gemaakt van honing, amandelen en eiwit. Deze <strong>heerlijke traktatie<\/strong> is een must voor iedereen die de regio bezoekt.  <\/p>\n\n\n\n<p class=\"ls-paragraph\">Er zijn twee hoofdvari\u00ebteiten: witte noga en zwarte noga.  <\/p>\n\n\n\n<p class=\"ls-paragraph\"><strong>Witte nougat <\/strong>is zacht en glad, terwijl <strong>zwarte nougat <\/strong>harder en gekarameliseerd is.<\/p>\n<\/div>\n<\/div>\n\n\r\n    <\/div>\r\n<\/section><section id=\"ls-section-block_4956b634505bc1de3b83eae3540bc9bc\" class=\"ls-section  page-two has-p-t p-t-14 has-p-b p-b-14\" >\r\n        <div class=\"container container--wide\">\r\n        \n\n<div class=\"wp-block-columns is-layout-flex wp-container-core-columns-is-layout-9d6595d7 wp-block-columns-is-layout-flex\">\n<div class=\"wp-block-column is-layout-flow wp-block-column-is-layout-flow\" style=\"flex-basis:66.66%\">\n<figure class=\"wp-block-image size-full animated fadeIn delay-100ms slow\"><img decoding=\"async\" width=\"2000\" height=\"1333\" src=\"https:\/\/www.campinglesclos.com\/wp-content\/uploads\/2023\/12\/montelimar-fete.webp\" alt=\"feest van montelimar\" class=\"wp-image-1193\" srcset=\"https:\/\/www.campinglesclos.com\/wp-content\/uploads\/2023\/12\/montelimar-fete.webp 2000w, https:\/\/www.campinglesclos.com\/wp-content\/uploads\/2023\/12\/montelimar-fete-300x200.webp 300w, https:\/\/www.campinglesclos.com\/wp-content\/uploads\/2023\/12\/montelimar-fete-1024x682.webp 1024w, https:\/\/www.campinglesclos.com\/wp-content\/uploads\/2023\/12\/montelimar-fete-768x512.webp 768w, https:\/\/www.campinglesclos.com\/wp-content\/uploads\/2023\/12\/montelimar-fete-1536x1024.webp 1536w\" sizes=\"(max-width: 2000px) 100vw, 2000px\" \/><\/figure>\n<\/div>\n\n\n\n<div class=\"wp-block-column is-vertically-aligned-center is-layout-flow wp-block-column-is-layout-flow\" style=\"flex-basis:33.33%\">\n<h2 class=\"ls__heading wp-block-heading\">Niet te missen <em>evenementen <\/em><\/h2>\n\n\n\n<p class=\"ls-paragraph\">Een van de belangrijkste evenementen in de stad is het <strong>F\u00eate du Nougat <\/strong>, dat meestal in <strong>juli<\/strong> wordt gehouden.  <\/p>\n\n\n\n<p class=\"ls-paragraph\">Het is een feestelijke gelegenheid waarbij zowel bezoekers als de lokale bevolking samenkomen om <strong>dit lokale gebak<\/strong> te vieren en te <strong>proeven<\/strong>.  <\/p>\n\n\n\n<p class=\"ls-paragraph\">De straten zijn gevuld met kraampjes, entertainment en natuurlijk heerlijke nougats in al hun vormen.<\/p>\n<\/div>\n<\/div>\n\n\r\n    <\/div>\r\n<\/section><section id=\"ls-section-block_f388ea830c9f592b06515bc6e3af6cb4\" class=\"ls-section  page-two deco-arbre has-background has-color-2-background-color has-p-t p-t-14 has-p-b p-b-14\" >\r\n        <div class=\"container container--wide\">\r\n        \n\n<div class=\"wp-block-columns is-layout-flex wp-container-core-columns-is-layout-9d6595d7 wp-block-columns-is-layout-flex\">\n<div class=\"wp-block-column is-vertically-aligned-center is-layout-flow wp-block-column-is-layout-flow\" style=\"flex-basis:33.33%\">\n<h2 class=\"ls__heading wp-block-heading\">Camping dichtbij <em>Mont\u00e9limar<\/em><\/h2>\n\n\n\n<p class=\"ls-paragraph\"><a href=\"https:\/\/www.campinglesclos.com\/nl\/\">Camping Les Clos<\/a> is een <strong>ideale uitvalsbasis om Mont\u00e9limar te verkennen<\/strong>.  <\/p>\n\n\n\n<p class=\"ls-paragraph\">Omdat het dicht bij de stad ligt, kun je gemakkelijk de vele attracties en activiteiten ontdekken die Mont\u00e9limar te bieden heeft.<\/p>\n\n\n\n<p class=\"ls-paragraph\">Als u op camping Les Clos verblijft, geniet u van comfortabele accommodatie en een rustgevende natuurlijke omgeving, en van een strategische ligging om de wonderen van de &#8220;Poort naar de Provence&#8221; te ontdekken.<\/p>\n<\/div>\n\n\n\n<div class=\"wp-block-column is-layout-flow wp-block-column-is-layout-flow\" style=\"flex-basis:66.66%\">\n<figure class=\"wp-block-image size-full animated fadeIn delay-100ms slow\"><img decoding=\"async\" width=\"2000\" height=\"1333\" src=\"https:\/\/www.campinglesclos.com\/wp-content\/uploads\/2023\/12\/chapelle-puigiron.webp\" alt=\"kapel puigiron\" class=\"wp-image-1189\" srcset=\"https:\/\/www.campinglesclos.com\/wp-content\/uploads\/2023\/12\/chapelle-puigiron.webp 2000w, https:\/\/www.campinglesclos.com\/wp-content\/uploads\/2023\/12\/chapelle-puigiron-300x200.webp 300w, https:\/\/www.campinglesclos.com\/wp-content\/uploads\/2023\/12\/chapelle-puigiron-1024x682.webp 1024w, https:\/\/www.campinglesclos.com\/wp-content\/uploads\/2023\/12\/chapelle-puigiron-768x512.webp 768w, https:\/\/www.campinglesclos.com\/wp-content\/uploads\/2023\/12\/chapelle-puigiron-1536x1024.webp 1536w\" sizes=\"(max-width: 2000px) 100vw, 2000px\" \/><\/figure>\n<\/div>\n<\/div>\n\n\r\n    <\/div>\r\n<\/section><section id=\"ls-section-block_fe146734925733d0e719557689eb46df\" class=\"ls-section  page-maillage has-background has-color-2-background-color has-p-t p-t-14 has-p-b p-b-14\" >\r\n        <div class=\"container container--wide\">\r\n        \n\n<div id=\"ls-heading ls-titre-div-block_cb40d08eedfda9a6509b400beb25df57\" class=\"ls-titre-div aligncenter h2-like\" >\n    <em>Ontdek<\/em> Nyons, Avignon <\/br>en Vaison-la-romaine!<\/div>\n\n\n<div id=\"ls-maillage-block_91569d78b9ab549d453f293b621ae37d\" class=\"ls-maillage cta-style-normal\" data-rows=\"3\">\n    <div class=\"wp-block-columns \"><div class=\"wp-block-column\"><div id=\"destinations\" class=\"ls-cta\">\n\n<a href=\"https:\/\/www.campinglesclos.com\/nl\/vaisons-la-romaine\/\" target=\"\" rel=\"noopener\" class=\"ls-cta__link\">\n\n\t<div class=\"ls-cta__image\"><img decoding=\"async\" src=\"https:\/\/www.campinglesclos.com\/wp-content\/uploads\/2023\/12\/abricots-drome.webp\" alt=\"\"><\/div>\n\t<div class=\"ls-cta__title\">\n\t\tVaisons-la-romaine<i class=\"clos-fleche-bouton\"><\/i>\n\t<\/div>\n\n\t\n<\/a><\/div><\/div><div class=\"wp-block-column\"><div id=\"destinations\" class=\"ls-cta\">\n\n<a href=\"https:\/\/www.campinglesclos.com\/nl\/avignon\/\" target=\"\" rel=\"noopener\" class=\"ls-cta__link\">\n\n\t<div class=\"ls-cta__image\"><img decoding=\"async\" src=\"https:\/\/www.campinglesclos.com\/wp-content\/uploads\/2023\/12\/pont-avignon.webp\" alt=\"\"><\/div>\n\t<div class=\"ls-cta__title\">\n\t\tAvignon<i class=\"clos-fleche-bouton\"><\/i>\n\t<\/div>\n\n\t\n<\/a><\/div><\/div><div class=\"wp-block-column\"><div id=\"destinations\" class=\"ls-cta\">\n\n<a href=\"https:\/\/www.campinglesclos.com\/nl\/nyons\/\" target=\"\" rel=\"noopener\" class=\"ls-cta__link\">\n\n\t<div class=\"ls-cta__image\"><img decoding=\"async\" src=\"https:\/\/www.campinglesclos.com\/wp-content\/uploads\/2023\/12\/le-pont-roman.webp\" alt=\"\"><\/div>\n\t<div class=\"ls-cta__title\">\n\t\tNyons<i class=\"clos-fleche-bouton\"><\/i>\n\t<\/div>\n\n\t\n<\/a><\/div><\/div><\/div><\/div>\n\r\n    <\/div>\r\n<\/section>","protected":false},"excerpt":{"rendered":"","protected":false},"author":1,"featured_media":1199,"parent":0,"menu_order":0,"comment_status":"closed","ping_status":"closed","template":"","meta":{"_acf_changed":false,"inline_featured_image":false,"footnotes":""},"sujet":[],"class_list":["post-1645","page","type-page","status-publish","has-post-thumbnail","hentry"],"acf":[],"yoast_head":"<!-- This site is optimized with the Yoast SEO plugin v23.4 - https:\/\/yoast.com\/wordpress\/plugins\/seo\/ -->\n<title>Toerisme in Mont\u00e9limar | Campings in de omgeving van Mont\u00e9limar<\/title>\n<meta name=\"description\" content=\"Ontdek Mont\u00e9limar: zijn erfgoed, zijn beroemde nougat en zijn brede waaier aan activiteiten. De charme van de Provence voor een onvergetelijke vakantie in Les Clos.\" \/>\n<meta name=\"robots\" content=\"index, follow, max-snippet:-1, max-image-preview:large, max-video-preview:-1\" \/>\n<link rel=\"canonical\" href=\"https:\/\/www.campinglesclos.com\/nl\/montelimar\/\" \/>\n<meta property=\"og:locale\" content=\"nl_NL\" \/>\n<meta property=\"og:type\" content=\"article\" \/>\n<meta property=\"og:title\" content=\"Toerisme in Mont\u00e9limar | Campings in de omgeving van Mont\u00e9limar\" \/>\n<meta property=\"og:description\" content=\"Ontdek Mont\u00e9limar: zijn erfgoed, zijn beroemde nougat en zijn brede waaier aan activiteiten. De charme van de Provence voor een onvergetelijke vakantie in Les Clos.\" \/>\n<meta property=\"og:url\" content=\"https:\/\/www.campinglesclos.com\/nl\/montelimar\/\" \/>\n<meta property=\"og:site_name\" content=\"Camping Les Clos\" \/>\n<meta property=\"article:modified_time\" content=\"2023-12-20T10:12:49+00:00\" \/>\n<meta property=\"og:image\" content=\"https:\/\/www.campinglesclos.com\/wp-content\/uploads\/2023\/12\/manas-montelimar.webp\" \/>\n\t<meta property=\"og:image:width\" content=\"2400\" \/>\n\t<meta property=\"og:image:height\" content=\"1600\" \/>\n\t<meta property=\"og:image:type\" content=\"image\/webp\" \/>\n<meta name=\"twitter:card\" content=\"summary_large_image\" \/>\n<meta name=\"twitter:label1\" content=\"Geschatte leestijd\" \/>\n\t<meta name=\"twitter:data1\" content=\"2 minuten\" \/>\n<script type=\"application\/ld+json\" class=\"yoast-schema-graph\">{\"@context\":\"https:\/\/schema.org\",\"@graph\":[{\"@type\":\"WebPage\",\"@id\":\"https:\/\/www.campinglesclos.com\/nl\/montelimar\/\",\"url\":\"https:\/\/www.campinglesclos.com\/nl\/montelimar\/\",\"name\":\"Toerisme in Mont\u00e9limar | Campings in de omgeving van Mont\u00e9limar\",\"isPartOf\":{\"@id\":\"https:\/\/www.campinglesclos.com\/#website\"},\"primaryImageOfPage\":{\"@id\":\"https:\/\/www.campinglesclos.com\/nl\/montelimar\/#primaryimage\"},\"image\":{\"@id\":\"https:\/\/www.campinglesclos.com\/nl\/montelimar\/#primaryimage\"},\"thumbnailUrl\":\"https:\/\/www.campinglesclos.com\/wp-content\/uploads\/2023\/12\/manas-montelimar.webp\",\"datePublished\":\"2023-12-12T08:35:14+00:00\",\"dateModified\":\"2023-12-20T10:12:49+00:00\",\"description\":\"Ontdek Mont\u00e9limar: zijn erfgoed, zijn beroemde nougat en zijn brede waaier aan activiteiten. De charme van de Provence voor een onvergetelijke vakantie in Les Clos.\",\"breadcrumb\":{\"@id\":\"https:\/\/www.campinglesclos.com\/nl\/montelimar\/#breadcrumb\"},\"inLanguage\":\"nl-NL\",\"potentialAction\":[{\"@type\":\"ReadAction\",\"target\":[\"https:\/\/www.campinglesclos.com\/nl\/montelimar\/\"]}]},{\"@type\":\"ImageObject\",\"inLanguage\":\"nl-NL\",\"@id\":\"https:\/\/www.campinglesclos.com\/nl\/montelimar\/#primaryimage\",\"url\":\"https:\/\/www.campinglesclos.com\/wp-content\/uploads\/2023\/12\/manas-montelimar.webp\",\"contentUrl\":\"https:\/\/www.campinglesclos.com\/wp-content\/uploads\/2023\/12\/manas-montelimar.webp\",\"width\":2400,\"height\":1600},{\"@type\":\"BreadcrumbList\",\"@id\":\"https:\/\/www.campinglesclos.com\/nl\/montelimar\/#breadcrumb\",\"itemListElement\":[{\"@type\":\"ListItem\",\"position\":1,\"name\":\"Home\",\"item\":\"https:\/\/www.campinglesclos.com\/nl\/\"},{\"@type\":\"ListItem\",\"position\":2,\"name\":\"Camping op 54 min van Mont\u00e9limar\"}]},{\"@type\":\"WebSite\",\"@id\":\"https:\/\/www.campinglesclos.com\/#website\",\"url\":\"https:\/\/www.campinglesclos.com\/\",\"name\":\"Camping Les Clos\",\"description\":\"\",\"publisher\":{\"@id\":\"https:\/\/www.campinglesclos.com\/#organization\"},\"potentialAction\":[{\"@type\":\"SearchAction\",\"target\":{\"@type\":\"EntryPoint\",\"urlTemplate\":\"https:\/\/www.campinglesclos.com\/?s={search_term_string}\"},\"query-input\":{\"@type\":\"PropertyValueSpecification\",\"valueRequired\":true,\"valueName\":\"search_term_string\"}}],\"inLanguage\":\"nl-NL\"},{\"@type\":\"Organization\",\"@id\":\"https:\/\/www.campinglesclos.com\/#organization\",\"name\":\"Camping Les Clos\",\"url\":\"https:\/\/www.campinglesclos.com\/\",\"logo\":{\"@type\":\"ImageObject\",\"inLanguage\":\"nl-NL\",\"@id\":\"https:\/\/www.campinglesclos.com\/#\/schema\/logo\/image\/\",\"url\":\"https:\/\/www.campinglesclos.com\/wp-content\/uploads\/2023\/11\/les-clos-logo-du-camping.webp\",\"contentUrl\":\"https:\/\/www.campinglesclos.com\/wp-content\/uploads\/2023\/11\/les-clos-logo-du-camping.webp\",\"width\":578,\"height\":421,\"caption\":\"Camping Les Clos\"},\"image\":{\"@id\":\"https:\/\/www.campinglesclos.com\/#\/schema\/logo\/image\/\"}}]}<\/script>\n<!-- \/ Yoast SEO plugin. -->","yoast_head_json":{"title":"Toerisme in Mont\u00e9limar | Campings in de omgeving van Mont\u00e9limar","description":"Ontdek Mont\u00e9limar: zijn erfgoed, zijn beroemde nougat en zijn brede waaier aan activiteiten. De charme van de Provence voor een onvergetelijke vakantie in Les Clos.","robots":{"index":"index","follow":"follow","max-snippet":"max-snippet:-1","max-image-preview":"max-image-preview:large","max-video-preview":"max-video-preview:-1"},"canonical":"https:\/\/www.campinglesclos.com\/nl\/montelimar\/","og_locale":"nl_NL","og_type":"article","og_title":"Toerisme in Mont\u00e9limar | Campings in de omgeving van Mont\u00e9limar","og_description":"Ontdek Mont\u00e9limar: zijn erfgoed, zijn beroemde nougat en zijn brede waaier aan activiteiten. De charme van de Provence voor een onvergetelijke vakantie in Les Clos.","og_url":"https:\/\/www.campinglesclos.com\/nl\/montelimar\/","og_site_name":"Camping Les Clos","article_modified_time":"2023-12-20T10:12:49+00:00","og_image":[{"width":2400,"height":1600,"url":"https:\/\/www.campinglesclos.com\/wp-content\/uploads\/2023\/12\/manas-montelimar.webp","type":"image\/webp"}],"twitter_card":"summary_large_image","twitter_misc":{"Geschatte leestijd":"2 minuten"},"schema":{"@context":"https:\/\/schema.org","@graph":[{"@type":"WebPage","@id":"https:\/\/www.campinglesclos.com\/nl\/montelimar\/","url":"https:\/\/www.campinglesclos.com\/nl\/montelimar\/","name":"Toerisme in Mont\u00e9limar | Campings in de omgeving van Mont\u00e9limar","isPartOf":{"@id":"https:\/\/www.campinglesclos.com\/#website"},"primaryImageOfPage":{"@id":"https:\/\/www.campinglesclos.com\/nl\/montelimar\/#primaryimage"},"image":{"@id":"https:\/\/www.campinglesclos.com\/nl\/montelimar\/#primaryimage"},"thumbnailUrl":"https:\/\/www.campinglesclos.com\/wp-content\/uploads\/2023\/12\/manas-montelimar.webp","datePublished":"2023-12-12T08:35:14+00:00","dateModified":"2023-12-20T10:12:49+00:00","description":"Ontdek Mont\u00e9limar: zijn erfgoed, zijn beroemde nougat en zijn brede waaier aan activiteiten. De charme van de Provence voor een onvergetelijke vakantie in Les Clos.","breadcrumb":{"@id":"https:\/\/www.campinglesclos.com\/nl\/montelimar\/#breadcrumb"},"inLanguage":"nl-NL","potentialAction":[{"@type":"ReadAction","target":["https:\/\/www.campinglesclos.com\/nl\/montelimar\/"]}]},{"@type":"ImageObject","inLanguage":"nl-NL","@id":"https:\/\/www.campinglesclos.com\/nl\/montelimar\/#primaryimage","url":"https:\/\/www.campinglesclos.com\/wp-content\/uploads\/2023\/12\/manas-montelimar.webp","contentUrl":"https:\/\/www.campinglesclos.com\/wp-content\/uploads\/2023\/12\/manas-montelimar.webp","width":2400,"height":1600},{"@type":"BreadcrumbList","@id":"https:\/\/www.campinglesclos.com\/nl\/montelimar\/#breadcrumb","itemListElement":[{"@type":"ListItem","position":1,"name":"Home","item":"https:\/\/www.campinglesclos.com\/nl\/"},{"@type":"ListItem","position":2,"name":"Camping op 54 min van Mont\u00e9limar"}]},{"@type":"WebSite","@id":"https:\/\/www.campinglesclos.com\/#website","url":"https:\/\/www.campinglesclos.com\/","name":"Camping Les Clos","description":"","publisher":{"@id":"https:\/\/www.campinglesclos.com\/#organization"},"potentialAction":[{"@type":"SearchAction","target":{"@type":"EntryPoint","urlTemplate":"https:\/\/www.campinglesclos.com\/?s={search_term_string}"},"query-input":{"@type":"PropertyValueSpecification","valueRequired":true,"valueName":"search_term_string"}}],"inLanguage":"nl-NL"},{"@type":"Organization","@id":"https:\/\/www.campinglesclos.com\/#organization","name":"Camping Les Clos","url":"https:\/\/www.campinglesclos.com\/","logo":{"@type":"ImageObject","inLanguage":"nl-NL","@id":"https:\/\/www.campinglesclos.com\/#\/schema\/logo\/image\/","url":"https:\/\/www.campinglesclos.com\/wp-content\/uploads\/2023\/11\/les-clos-logo-du-camping.webp","contentUrl":"https:\/\/www.campinglesclos.com\/wp-content\/uploads\/2023\/11\/les-clos-logo-du-camping.webp","width":578,"height":421,"caption":"Camping Les Clos"},"image":{"@id":"https:\/\/www.campinglesclos.com\/#\/schema\/logo\/image\/"}}]}},"_links":{"self":[{"href":"https:\/\/www.campinglesclos.com\/nl\/wp-json\/wp\/v2\/pages\/1645","targetHints":{"allow":["GET"]}}],"collection":[{"href":"https:\/\/www.campinglesclos.com\/nl\/wp-json\/wp\/v2\/pages"}],"about":[{"href":"https:\/\/www.campinglesclos.com\/nl\/wp-json\/wp\/v2\/types\/page"}],"author":[{"embeddable":true,"href":"https:\/\/www.campinglesclos.com\/nl\/wp-json\/wp\/v2\/users\/1"}],"replies":[{"embeddable":true,"href":"https:\/\/www.campinglesclos.com\/nl\/wp-json\/wp\/v2\/comments?post=1645"}],"version-history":[{"count":1,"href":"https:\/\/www.campinglesclos.com\/nl\/wp-json\/wp\/v2\/pages\/1645\/revisions"}],"predecessor-version":[{"id":1650,"href":"https:\/\/www.campinglesclos.com\/nl\/wp-json\/wp\/v2\/pages\/1645\/revisions\/1650"}],"wp:featuredmedia":[{"embeddable":true,"href":"https:\/\/www.campinglesclos.com\/nl\/wp-json\/wp\/v2\/media\/1199"}],"wp:attachment":[{"href":"https:\/\/www.campinglesclos.com\/nl\/wp-json\/wp\/v2\/media?parent=1645"}],"wp:term":[{"taxonomy":"sujet","embeddable":true,"href":"https:\/\/www.campinglesclos.com\/nl\/wp-json\/wp\/v2\/sujet?post=1645"}],"curies":[{"name":"wp","href":"https:\/\/api.w.org\/{rel}","templated":true}]}}